{"id":78,"date":"2017-02-18T20:05:43","date_gmt":"2017-02-18T19:05:43","guid":{"rendered":"http:\/\/r\u00fcgen\u00fcberdasjahr.de\/?page_id=78"},"modified":"2020-11-17T20:44:40","modified_gmt":"2020-11-17T19:44:40","slug":"komoot","status":"publish","type":"page","link":"http:\/\/r\u00fcgen\u00fcberdasjahr.de\/?page_id=78","title":{"rendered":"&#8230; komoot"},"content":{"rendered":"<p>komoot ist quasi ein Navigationssystem.<\/p>\n<p>Mit <a href=\"http:\/\/www.komoot.de\" target=\"_blank\" rel=\"noopener noreferrer\">komoot<\/a> kann man Wander- und Fahrradrouten planen, abrufen und aufzeichnen. Online wird die Route dann mit Fotos und Highlights versehen und man kann sie mit allen anderen teilen.<\/p>\n<p>Ich finde diese Idee gut. So kann man sich \u00fcber Routen in allen m\u00f6glichen Regionen austauschen und bekommt einen Einblick, wie die Tour wird.<br \/>\nAuch das H\u00f6henprofil wird sehr genau angezeigt und das hilft mir sehr beim Einsch\u00e4tzen der Schwierigkeit.<\/p>\n<p>Hat man eine Route geplant, kann man sie lokal auf dem Smartphone abspeichern und dann ben\u00f6tigt man nur noch die GPS-Funktion und kann sich sogar per Sprachausgabe f\u00fchren lassen. Das spart Akku, da das Display aus bleibt. Alternativ nutzt man die Karte und schaltete die Sprachausgabe ab.<\/p>\n<p>Ich nutze gerne die Aufzeichnungsfunktion. Auch die funktioniert ohne Internetverbindung ganz gut. So kann ich hinterher nachvollziehen, wo ich war und die Route mit meinen Fotos spicken.<br \/>\nDie Routenf\u00fchrung funktioniert zwar auch im Wald gut, aber ich bin doch ein Fan vom Karten lesen und ich weiche viel zu oft vom geplanten Weg ab. Das w\u00fcrde die nette Stimme aus dem Smartphone nur irritieren und sie m\u00fcsste dauernd die Route neu berechnen.<\/p>\n<p>Sch\u00f6n finde ich die M\u00f6glichkeit, die Routen auch extern zu teilen. Die sind dann auch f\u00fcr nicht registrierte Nutzer sichtbar. Das nutze ich hier in meinem Blog.<\/p>\n<p>Es gibt auch viele andere M\u00f6glichkeiten, die den Funktionen von komoot \u00e4hneln, aber ich f\u00fchle mich damit wohl und komme gut mit der App zurecht.<\/p>\n<p>Ansonsten ist die digitale Karte f\u00fcr mich eine gute Erg\u00e4nzung zur klassischen Wanderkarte. Wenn ich unterwegs etwas sehe, das mich reizt, laufe ich da hin. So stand ich schon ein paar Mal mitten im Wald, fernab der Hauptwege. Meine Orientierung ist zwar nicht schlecht, aber eine GPS-unterst\u00fctzte Karte ist nat\u00fcrlich schon hilfreich, um den Heimweg zu finden.<\/p>\n<div class=\"likebtn_container\" style=\"text-align:center;\"><!-- LikeBtn.com BEGIN --><span class=\"likebtn-wrapper\"  data-identifier=\"page_78\"  data-site_id=\"5a9844b2fa8fdf5132f457c0\"  data-theme=\"heartcross\"  data-lang=\"de\"  data-ef_voting=\"push\"  data-show_dislike_label=\"true\"  data-i18n_like=\"Find ich gut\"  data-i18n_dislike=\"Nicht so doll\"  data-style=\"\"  data-unlike_allowed=\"\"  data-show_copyright=\"\"  data-item_url=\"http:\/\/r\u00fcgen\u00fcberdasjahr.de\/?page_id=78\"  data-item_title=\"... komoot\"  data-item_date=\"2017-02-18T20:05:43+01:00\"  data-engine=\"WordPress\"  data-plugin_v=\"2.6.59\"  data-prx=\"http:\/\/xn--rgenberdasjahr-gsbd.de\/wp-admin\/admin-ajax.php?action=likebtn_prx\"  data-event_handler=\"likebtn_eh\" ><\/span><!-- LikeBtn.com END --><\/div>","protected":false},"excerpt":{"rendered":"<p>komoot ist quasi ein Navigationssystem. Mit komoot kann man Wander- und Fahrradrouten planen, abrufen und aufzeichnen. Online wird die Route dann mit Fotos und Highlights versehen und man kann sie mit allen anderen teilen. Ich finde diese Idee gut. So kann man sich \u00fcber Routen in allen m\u00f6glichen Regionen austauschen und bekommt einen Einblick, wie&#8230;<\/p>\n<div class=\"likebtn_container\" style=\"text-align:center;\"><!-- LikeBtn.com BEGIN --><span class=\"likebtn-wrapper\"  data-identifier=\"page_78\"  data-site_id=\"5a9844b2fa8fdf5132f457c0\"  data-theme=\"heartcross\"  data-lang=\"de\"  data-ef_voting=\"push\"  data-show_dislike_label=\"true\"  data-i18n_like=\"Find ich gut\"  data-i18n_dislike=\"Nicht so doll\"  data-style=\"\"  data-unlike_allowed=\"\"  data-show_copyright=\"\"  data-item_url=\"http:\/\/r\u00fcgen\u00fcberdasjahr.de\/?page_id=78\"  data-item_title=\"... komoot\"  data-item_date=\"2017-02-18T20:05:43+01:00\"  data-engine=\"WordPress\"  data-plugin_v=\"2.6.59\"  data-prx=\"http:\/\/xn--rgenberdasjahr-gsbd.de\/wp-admin\/admin-ajax.php?action=likebtn_prx\"  data-event_handler=\"likebtn_eh\" ><\/span><!-- LikeBtn.com END --><\/div>","protected":false},"author":2,"featured_media":0,"parent":0,"menu_order":0,"comment_status":"closed","ping_status":"closed","template":"","meta":{"ngg_post_thumbnail":0,"footnotes":""},"class_list":["post-78","page","type-page","status-publish","hentry"],"aioseo_notices":[],"_links":{"self":[{"href":"http:\/\/r\u00fcgen\u00fcberdasjahr.de\/index.php?rest_route=\/wp\/v2\/pages\/78","targetHints":{"allow":["GET"]}}],"collection":[{"href":"http:\/\/r\u00fcgen\u00fcberdasjahr.de\/index.php?rest_route=\/wp\/v2\/pages"}],"about":[{"href":"http:\/\/r\u00fcgen\u00fcberdasjahr.de\/index.php?rest_route=\/wp\/v2\/types\/page"}],"author":[{"embeddable":true,"href":"http:\/\/r\u00fcgen\u00fcberdasjahr.de\/index.php?rest_route=\/wp\/v2\/users\/2"}],"replies":[{"embeddable":true,"href":"http:\/\/r\u00fcgen\u00fcberdasjahr.de\/index.php?rest_route=%2Fwp%2Fv2%2Fcomments&post=78"}],"version-history":[{"count":7,"href":"http:\/\/r\u00fcgen\u00fcberdasjahr.de\/index.php?rest_route=\/wp\/v2\/pages\/78\/revisions"}],"predecessor-version":[{"id":4804,"href":"http:\/\/r\u00fcgen\u00fcberdasjahr.de\/index.php?rest_route=\/wp\/v2\/pages\/78\/revisions\/4804"}],"wp:attachment":[{"href":"http:\/\/r\u00fcgen\u00fcberdasjahr.de\/index.php?rest_route=%2Fwp%2Fv2%2Fmedia&parent=78"}],"curies":[{"name":"wp","href":"https:\/\/api.w.org\/{rel}","templated":true}]}}