{"id":77,"date":"2017-02-18T20:05:43","date_gmt":"2017-02-18T19:05:43","guid":{"rendered":"http:\/\/r\u00fcgen\u00fcberdasjahr.de\/?page_id=77"},"modified":"2017-09-05T20:03:07","modified_gmt":"2017-09-05T19:03:07","slug":"geocaching","status":"publish","type":"page","link":"http:\/\/r\u00fcgen\u00fcberdasjahr.de\/?page_id=77","title":{"rendered":"&#8230; Geocaching"},"content":{"rendered":"<p>Geocaching ist so was wie eine moderne Schnitzeljagd.<br \/>\nIm einfachsten Fall versteckt man eine Dose, einen Cache, irgendwo, wo sie ohne Hinweis keiner findet. Dann ver\u00f6ffentlicht man die passenden Koordinaten zum Versteck auf einer Internetseite, wie <a href=\"http:\/\/www.geocaching.com\" target=\"_blank\" rel=\"noopener\">www.geocaching.com<\/a>.<br \/>\nHier k\u00f6nnen dann alle registrierten Benutzer die Koordinaten abrufen und sich auf die Suche nach dem Versteck machen.<br \/>\nIn der Dose findet man immer ein sogenanntes Logbuch in dem man sich eintr\u00e4gt. Quasi ein \u201eG\u00e4stebuch\u201c. Dann wird alles wieder versteckt und der N\u00e4chste kann sich versuchen.<br \/>\nZiel ist es nat\u00fcrlich, alles m\u00f6glichst unbeobachtet zu tun, so dass keiner das Versteck bemerkt.<br \/>\nOnline tr\u00e4gt man sich dann auch noch in das G\u00e4stebuch ein, man \u201eloggt\u201c den Cache. Der wird dann auf der Karte zu einem Smiley. \ud83d\ude42<\/p>\n<p><img loading=\"lazy\" decoding=\"async\" class=\"size-medium wp-image-164 aligncenter\" src=\"http:\/\/xn--rgenberdasjahr-gsbd.de\/wp-content\/uploads\/geocaching-300x236.jpg\" alt=\"\" width=\"300\" height=\"236\" srcset=\"http:\/\/xn--rgenberdasjahr-gsbd.de\/wp-content\/uploads\/geocaching-300x236.jpg 300w, http:\/\/xn--rgenberdasjahr-gsbd.de\/wp-content\/uploads\/geocaching.jpg 516w\" sizes=\"auto, (max-width: 300px) 100vw, 300px\" \/><\/p>\n<p>Ich habe schon viele kreative Caches gesehen. Teilweise wurden kleine H\u00e4uschen im Wald versteckt oder Vogelh\u00e4user umgebaut. Manchmal muss man erst einen Mechanismus entschl\u00fcsseln, um das Versteck zu \u00f6ffnen. Auch die Gr\u00f6\u00dfe variiert. Recht h\u00e4ufig sind kleine Plastikdosen mit Klick-Verschluss oder Filmdosen (Wer das noch kennt). Sogenannte Nanos sind die kleinsten Verstecke. Die sind nur wenige Millimeter gro\u00df und passen in jede Mauerritze.<\/p>\n<p>Viele kombinieren die Caches mit R\u00e4tseln. L\u00f6st man das R\u00e4tsel, erh\u00e4lt man die Ziel-Koordinaten.<\/p>\n<p>Sch\u00f6n sind auch sogenannte Multi-Caches. Hierbei hangelt man sich \u00fcber mehrere Stationen und R\u00e4tsel zum Zielpunkt. Das kann teilweise mehrere Stunden dauern und macht viel Spa\u00df. Auf diese Art kann man sogar ganze Kriminalf\u00e4lle l\u00f6sen. Ich stand sogar mal im Wald und wog Steine, um an Koordinaten zu kommen.<\/p>\n<p>Es gibt noch viele verschiedene Arten: Nachtcaches, Earthcaches, Letterboxen, Virtuelle Caches, Events und viele mehr.<\/p>\n<p>Wenn die Dosen gr\u00f6\u00dfer sind, kann man auch kleine Tauschgegenst\u00e4nde hinein legen. Oder sogenannte Travel Bugs. Die werden mit einem Code versehen und auf eine Reise von Cache zu Cache geschickt. Diese Reise kann man dann online verfolgen.<\/p>\n<p><img loading=\"lazy\" decoding=\"async\" class=\"size-medium wp-image-1047 aligncenter\" src=\"http:\/\/xn--rgenberdasjahr-gsbd.de\/wp-content\/uploads\/travelbug-300x201.jpg\" alt=\"\" width=\"300\" height=\"201\" srcset=\"http:\/\/xn--rgenberdasjahr-gsbd.de\/wp-content\/uploads\/travelbug-300x201.jpg 300w, http:\/\/xn--rgenberdasjahr-gsbd.de\/wp-content\/uploads\/travelbug-768x514.jpg 768w, http:\/\/xn--rgenberdasjahr-gsbd.de\/wp-content\/uploads\/travelbug-700x468.jpg 700w, http:\/\/xn--rgenberdasjahr-gsbd.de\/wp-content\/uploads\/travelbug.jpg 783w\" sizes=\"auto, (max-width: 300px) 100vw, 300px\" \/><\/p>\n<p>Viel braucht man f\u00fcr dieses Hobby nicht: ein Smartphone mit GPS-Funktion, einen Zugang zu einer Geocaching-Seite und nat\u00fcrlich Spa\u00df an der Sache.<\/p>\n<p>Je l\u00e4nger man das macht, desto mehr Ausr\u00fcstung hat man dabei. Das klassische Taschenmesser ist ein guter Helfer, manchmal ben\u00f6tigt man eine UV-Lampe und es gibt sogar Caches, die man nur mit Kletterausr\u00fcstung erreicht.<br \/>\nF\u00fcr die meisten Dosen braucht man aber nichts, au\u00dfer die Koordinaten und einen Stift.<\/p>\n<p>Ich kombiniere das Cachen, also das Suchen nach Caches, mit dem Wandern. Auch in St\u00e4dten gibt es viele Caches und so kommt man schon mal in Regionen abseits vom Touristenstrom.<\/p>\n<p>(ge\u00e4ndert am 05.09.2017)<\/p>\n<div class=\"likebtn_container\" style=\"text-align:center;\"><!-- LikeBtn.com BEGIN --><span class=\"likebtn-wrapper\"  data-identifier=\"page_77\"  data-site_id=\"5a9844b2fa8fdf5132f457c0\"  data-theme=\"heartcross\"  data-lang=\"de\"  data-ef_voting=\"push\"  data-show_dislike_label=\"true\"  data-i18n_like=\"Find ich gut\"  data-i18n_dislike=\"Nicht so doll\"  data-style=\"\"  data-unlike_allowed=\"\"  data-show_copyright=\"\"  data-item_url=\"http:\/\/r\u00fcgen\u00fcberdasjahr.de\/?page_id=77\"  data-item_title=\"... Geocaching\"  data-item_date=\"2017-02-18T20:05:43+01:00\"  data-engine=\"WordPress\"  data-plugin_v=\"2.6.59\"  data-prx=\"http:\/\/xn--rgenberdasjahr-gsbd.de\/wp-admin\/admin-ajax.php?action=likebtn_prx\"  data-event_handler=\"likebtn_eh\" ><\/span><!-- LikeBtn.com END --><\/div>","protected":false},"excerpt":{"rendered":"<p>Geocaching ist so was wie eine moderne Schnitzeljagd. Im einfachsten Fall versteckt man eine Dose, einen Cache, irgendwo, wo sie ohne Hinweis keiner findet. Dann ver\u00f6ffentlicht man die passenden Koordinaten zum Versteck auf einer Internetseite, wie www.geocaching.com. Hier k\u00f6nnen dann alle registrierten Benutzer die Koordinaten abrufen und sich auf die Suche nach dem Versteck machen&#8230;.<\/p>\n<div class=\"likebtn_container\" style=\"text-align:center;\"><!-- LikeBtn.com BEGIN --><span class=\"likebtn-wrapper\"  data-identifier=\"page_77\"  data-site_id=\"5a9844b2fa8fdf5132f457c0\"  data-theme=\"heartcross\"  data-lang=\"de\"  data-ef_voting=\"push\"  data-show_dislike_label=\"true\"  data-i18n_like=\"Find ich gut\"  data-i18n_dislike=\"Nicht so doll\"  data-style=\"\"  data-unlike_allowed=\"\"  data-show_copyright=\"\"  data-item_url=\"http:\/\/r\u00fcgen\u00fcberdasjahr.de\/?page_id=77\"  data-item_title=\"... Geocaching\"  data-item_date=\"2017-02-18T20:05:43+01:00\"  data-engine=\"WordPress\"  data-plugin_v=\"2.6.59\"  data-prx=\"http:\/\/xn--rgenberdasjahr-gsbd.de\/wp-admin\/admin-ajax.php?action=likebtn_prx\"  data-event_handler=\"likebtn_eh\" ><\/span><!-- LikeBtn.com END --><\/div>","protected":false},"author":2,"featured_media":0,"parent":0,"menu_order":0,"comment_status":"closed","ping_status":"closed","template":"","meta":{"ngg_post_thumbnail":0,"footnotes":""},"class_list":["post-77","page","type-page","status-publish","hentry"],"aioseo_notices":[],"_links":{"self":[{"href":"http:\/\/r\u00fcgen\u00fcberdasjahr.de\/index.php?rest_route=\/wp\/v2\/pages\/77","targetHints":{"allow":["GET"]}}],"collection":[{"href":"http:\/\/r\u00fcgen\u00fcberdasjahr.de\/index.php?rest_route=\/wp\/v2\/pages"}],"about":[{"href":"http:\/\/r\u00fcgen\u00fcberdasjahr.de\/index.php?rest_route=\/wp\/v2\/types\/page"}],"author":[{"embeddable":true,"href":"http:\/\/r\u00fcgen\u00fcberdasjahr.de\/index.php?rest_route=\/wp\/v2\/users\/2"}],"replies":[{"embeddable":true,"href":"http:\/\/r\u00fcgen\u00fcberdasjahr.de\/index.php?rest_route=%2Fwp%2Fv2%2Fcomments&post=77"}],"version-history":[{"count":9,"href":"http:\/\/r\u00fcgen\u00fcberdasjahr.de\/index.php?rest_route=\/wp\/v2\/pages\/77\/revisions"}],"predecessor-version":[{"id":120,"href":"http:\/\/r\u00fcgen\u00fcberdasjahr.de\/index.php?rest_route=\/wp\/v2\/pages\/77\/revisions\/120"}],"wp:attachment":[{"href":"http:\/\/r\u00fcgen\u00fcberdasjahr.de\/index.php?rest_route=%2Fwp%2Fv2%2Fmedia&parent=77"}],"curies":[{"name":"wp","href":"https:\/\/api.w.org\/{rel}","templated":true}]}}