{"id":49,"date":"2017-02-13T20:18:54","date_gmt":"2017-02-13T19:18:54","guid":{"rendered":"http:\/\/r\u00fcgen\u00fcberdasjahr.de\/?page_id=49"},"modified":"2017-02-19T10:48:53","modified_gmt":"2017-02-19T09:48:53","slug":"wer-bin-ich","status":"publish","type":"page","link":"http:\/\/r\u00fcgen\u00fcberdasjahr.de\/?page_id=49","title":{"rendered":"Wer bin ich?"},"content":{"rendered":"<p>Hallo, ich hei\u00dfe Sabine.<\/p>\n<p>Ich wohne, arbeite und lebe auf der sch\u00f6nen Insel R\u00fcgen. Meine \u201eneue\u201c Heimat erkunde ich am liebsten zu Fu\u00df, mit dem Fotoapparat in der Hand.<\/p>\n<p>Aufgewachsen bin ich in Berlin. Danach habe ich eine ganze Weile in S\u00fcddeutschland gewohnt und studiert. 2012 fand ich dann eine Arbeitsstelle hier im sch\u00f6nen Norden.<\/p>\n<p>R\u00fcgen kenne ich schon aus meiner Kindheit. F\u00fcr Berliner ist die Ostsee ja quasi ein Naherholungsgebiet und wir waren zu jeder Jahreszeit hier: im Fr\u00fchling und Sommer zum Baden und Sandburgen bauen, im Herbst zum Drachen steigen lassen und im Winter haben wir die St\u00fcrme und die Eisschollen bewundert.<br \/>\nJetzt entdecke ich die Insel neu und verliebe mich immer wieder in sie.<\/p>\n<p>Hier habe ich auch meine heutigen Hobbies neu und wieder entdeckt:<\/p>\n<p>Das Wandern z\u00e4hlt inzwischen zu meiner Hauptbesch\u00e4ftigung am Wochenende und ich verbringe sogar meinen Jahresurlaub damit. Neu ist diese Leidenschaft eigentlich nicht. Auch viele unserer Familienurlaube bestanden aus Wanderungen und Spielen in der Natur. Mit dem Erwachsenwerden habe ich das verdr\u00e4ngt und jetzt genie\u00dfe ich jeden gelaufenen Kilometer.<br \/>\nR\u00fcgen ist eigentlich ideal zum Wandern. Keine wirklich hohen Berge, aber je nach Region hat man durchaus ein paar H\u00f6henmeter zu \u00fcberwinden. Die Wanderwege sind recht gut ausgebaut und es gibt wirklich viele davon.<\/p>\n<p><a href=\"http:\/\/r\u00fcgen\u00fcberdasjahr.de\/?page_id=77\">Geocaching <\/a>ist ein neues Hobby von mir. Das zeigte mir ein Bekannter vor ein paar Jahren und seitdem bin ich eine bekennende Dosen-J\u00e4gerin, die auch mal durchs Unterholz kriecht und an unm\u00f6glichen Orten nach Sch\u00e4tzen sucht. Dieses Hobby l\u00e4sst sich hervorragend mit dem Wandern verbinden und f\u00f6rdert den Spieltrieb und die Leidenschaft f\u00fcr R\u00e4tsel.<\/p>\n<p>Ich wei\u00df gar nicht, wann ich meinen ersten Fotoapparat bekam, aber es ist lange her. Ich liebe sch\u00f6ne Fotos und ich versuche schon lange tolle Motive festzuhalten.<br \/>\nInzwischen habe ich eine digitale Spiegelreflexkamera \u201egeerbt\u201c und bin sehr gl\u00fccklich mit ihr. Sie ist ein sch\u00f6ner Allrounder und punktet sowohl mit Makroaufnahmen als auch mit dem Teleobjektiv.<\/p>\n<p>Und so ziehe ich am Wochenende und manchmal nach der Arbeit \u00fcber \u201emeine\u201c Insel, entdecke ihre vielen Gesichter und f\u00fchle mich zu Hause.<\/p>\n<p>Hier auf dem Blog k\u00f6nnt Ihr meine Wege verfolgen und ich zeige euch meine sch\u00f6nsten Fotos.<\/p>\n<div class=\"likebtn_container\" style=\"text-align:center;\"><!-- LikeBtn.com BEGIN --><span class=\"likebtn-wrapper\"  data-identifier=\"page_49\"  data-site_id=\"5a9844b2fa8fdf5132f457c0\"  data-theme=\"heartcross\"  data-lang=\"de\"  data-ef_voting=\"push\"  data-show_dislike_label=\"true\"  data-i18n_like=\"Find ich gut\"  data-i18n_dislike=\"Nicht so doll\"  data-style=\"\"  data-unlike_allowed=\"\"  data-show_copyright=\"\"  data-item_url=\"http:\/\/r\u00fcgen\u00fcberdasjahr.de\/?page_id=49\"  data-item_title=\"Wer bin ich?\"  data-item_date=\"2017-02-13T20:18:54+01:00\"  data-engine=\"WordPress\"  data-plugin_v=\"2.6.59\"  data-prx=\"http:\/\/xn--rgenberdasjahr-gsbd.de\/wp-admin\/admin-ajax.php?action=likebtn_prx\"  data-event_handler=\"likebtn_eh\" ><\/span><!-- LikeBtn.com END --><\/div>","protected":false},"excerpt":{"rendered":"<p>Hallo, ich hei\u00dfe Sabine. Ich wohne, arbeite und lebe auf der sch\u00f6nen Insel R\u00fcgen. Meine \u201eneue\u201c Heimat erkunde ich am liebsten zu Fu\u00df, mit dem Fotoapparat in der Hand. Aufgewachsen bin ich in Berlin. Danach habe ich eine ganze Weile in S\u00fcddeutschland gewohnt und studiert. 2012 fand ich dann eine Arbeitsstelle hier im sch\u00f6nen Norden&#8230;.<\/p>\n<div class=\"likebtn_container\" style=\"text-align:center;\"><!-- LikeBtn.com BEGIN --><span class=\"likebtn-wrapper\"  data-identifier=\"page_49\"  data-site_id=\"5a9844b2fa8fdf5132f457c0\"  data-theme=\"heartcross\"  data-lang=\"de\"  data-ef_voting=\"push\"  data-show_dislike_label=\"true\"  data-i18n_like=\"Find ich gut\"  data-i18n_dislike=\"Nicht so doll\"  data-style=\"\"  data-unlike_allowed=\"\"  data-show_copyright=\"\"  data-item_url=\"http:\/\/r\u00fcgen\u00fcberdasjahr.de\/?page_id=49\"  data-item_title=\"Wer bin ich?\"  data-item_date=\"2017-02-13T20:18:54+01:00\"  data-engine=\"WordPress\"  data-plugin_v=\"2.6.59\"  data-prx=\"http:\/\/xn--rgenberdasjahr-gsbd.de\/wp-admin\/admin-ajax.php?action=likebtn_prx\"  data-event_handler=\"likebtn_eh\" ><\/span><!-- LikeBtn.com END --><\/div>","protected":false},"author":2,"featured_media":0,"parent":0,"menu_order":0,"comment_status":"closed","ping_status":"closed","template":"","meta":{"ngg_post_thumbnail":0,"footnotes":""},"class_list":["post-49","page","type-page","status-publish","hentry"],"aioseo_notices":[],"_links":{"self":[{"href":"http:\/\/r\u00fcgen\u00fcberdasjahr.de\/index.php?rest_route=\/wp\/v2\/pages\/49","targetHints":{"allow":["GET"]}}],"collection":[{"href":"http:\/\/r\u00fcgen\u00fcberdasjahr.de\/index.php?rest_route=\/wp\/v2\/pages"}],"about":[{"href":"http:\/\/r\u00fcgen\u00fcberdasjahr.de\/index.php?rest_route=\/wp\/v2\/types\/page"}],"author":[{"embeddable":true,"href":"http:\/\/r\u00fcgen\u00fcberdasjahr.de\/index.php?rest_route=\/wp\/v2\/users\/2"}],"replies":[{"embeddable":true,"href":"http:\/\/r\u00fcgen\u00fcberdasjahr.de\/index.php?rest_route=%2Fwp%2Fv2%2Fcomments&post=49"}],"version-history":[{"count":4,"href":"http:\/\/r\u00fcgen\u00fcberdasjahr.de\/index.php?rest_route=\/wp\/v2\/pages\/49\/revisions"}],"predecessor-version":[{"id":117,"href":"http:\/\/r\u00fcgen\u00fcberdasjahr.de\/index.php?rest_route=\/wp\/v2\/pages\/49\/revisions\/117"}],"wp:attachment":[{"href":"http:\/\/r\u00fcgen\u00fcberdasjahr.de\/index.php?rest_route=%2Fwp%2Fv2%2Fmedia&parent=49"}],"curies":[{"name":"wp","href":"https:\/\/api.w.org\/{rel}","templated":true}]}}